{"id":178,"date":"2015-03-24T04:51:03","date_gmt":"2015-03-24T04:51:03","guid":{"rendered":"http:\/\/localhost\/review-1\/home-page-2\/"},"modified":"2025-05-22T07:33:54","modified_gmt":"2025-05-22T07:33:54","slug":"home-page","status":"publish","type":"page","link":"https:\/\/www.allsportsbookreviews.com\/vn","title":{"rendered":"Home Page"},"content":{"rendered":"","protected":false},"excerpt":{"rendered":"","protected":false},"author":851,"featured_media":0,"parent":0,"menu_order":0,"comment_status":"closed","ping_status":"closed","template":"page-home.php","meta":{"_acf_changed":false,"_bbp_topic_count":0,"_bbp_reply_count":0,"_bbp_total_topic_count":0,"_bbp_total_reply_count":0,"_bbp_voice_count":0,"_bbp_anonymous_reply_count":0,"_bbp_topic_count_hidden":0,"_bbp_reply_count_hidden":0,"_bbp_forum_subforum_count":0,"yasr_overall_rating":0,"yasr_post_is_review":"","yasr_auto_insert_disabled":"","yasr_review_type":"","footnotes":""},"class_list":["post-178","page","type-page","status-publish","hentry"],"acf":[],"yoast_head":"<!-- This site is optimized with the Yoast SEO plugin v27.4 - https:\/\/yoast.com\/product\/yoast-seo-wordpress\/ -->\n<title>Nh\u00e0 c\u00e1i th\u1ec3 thao t\u1ed1t nh\u1ea5t Vi\u1ec7t Nam \u2013 T\u1ea5t c\u1ea3 t\u1ea1i \u0111\u00e2y<\/title>\n<meta name=\"description\" content=\"C\u00e1 c\u01b0\u1ee3c th\u00f4ng minh b\u1eb1ng c\u00e1ch xem \u0111\u00e1nh gi\u00e1 c\u00e1 c\u01b0\u1ee3c th\u1ec3 thao \u0111\u00e1ng tin c\u1eady c\u1ee7a ASR. Ti\u1ec1n th\u01b0\u1edfng mi\u1ec5n ph\u00ed khuy\u1ebfn m\u00e3i thanh to\u00e1n v\u00e0 nhi\u1ec1u h\u01a1n n\u1eefa.\" \/>\n<meta name=\"robots\" content=\"index, follow, max-snippet:-1, max-image-preview:large, max-video-preview:-1\" \/>\n<link rel=\"canonical\" href=\"https:\/\/www.allsportsbookreviews.com\/vn\" \/>\n<meta property=\"og:locale\" content=\"en_US\" \/>\n<meta property=\"og:type\" content=\"article\" \/>\n<meta property=\"og:title\" content=\"Nh\u00e0 c\u00e1i th\u1ec3 thao t\u1ed1t nh\u1ea5t Vi\u1ec7t Nam \u2013 T\u1ea5t c\u1ea3 t\u1ea1i \u0111\u00e2y\" \/>\n<meta property=\"og:description\" content=\"C\u00e1 c\u01b0\u1ee3c th\u00f4ng minh b\u1eb1ng c\u00e1ch xem \u0111\u00e1nh gi\u00e1 c\u00e1 c\u01b0\u1ee3c th\u1ec3 thao \u0111\u00e1ng tin c\u1eady c\u1ee7a ASR. Ti\u1ec1n th\u01b0\u1edfng mi\u1ec5n ph\u00ed khuy\u1ebfn m\u00e3i thanh to\u00e1n v\u00e0 nhi\u1ec1u h\u01a1n n\u1eefa.\" \/>\n<meta property=\"og:url\" content=\"https:\/\/www.allsportsbookreviews.com\/vn\" \/>\n<meta property=\"og:site_name\" content=\"All Sportsbook Reviews\" \/>\n<meta property=\"article:modified_time\" content=\"2025-05-22T07:33:54+00:00\" \/>\n<script type=\"application\/ld+json\" class=\"yoast-schema-graph\">{\"@context\":\"https:\\\/\\\/schema.org\",\"@graph\":[{\"@type\":\"WebPage\",\"@id\":\"https:\\\/\\\/www.allsportsbookreviews.com\\\/vn\",\"url\":\"https:\\\/\\\/www.allsportsbookreviews.com\\\/vn\",\"name\":\"Nh\u00e0 c\u00e1i th\u1ec3 thao t\u1ed1t nh\u1ea5t Vi\u1ec7t Nam \u2013 T\u1ea5t c\u1ea3 t\u1ea1i \u0111\u00e2y\",\"isPartOf\":{\"@id\":\"https:\\\/\\\/www.allsportsbookreviews.com\\\/#website\"},\"datePublished\":\"2015-03-24T04:51:03+00:00\",\"dateModified\":\"2025-05-22T07:33:54+00:00\",\"description\":\"C\u00e1 c\u01b0\u1ee3c th\u00f4ng minh b\u1eb1ng c\u00e1ch xem \u0111\u00e1nh gi\u00e1 c\u00e1 c\u01b0\u1ee3c th\u1ec3 thao \u0111\u00e1ng tin c\u1eady c\u1ee7a ASR. Ti\u1ec1n th\u01b0\u1edfng mi\u1ec5n ph\u00ed khuy\u1ebfn m\u00e3i thanh to\u00e1n v\u00e0 nhi\u1ec1u h\u01a1n n\u1eefa.\",\"inLanguage\":\"vn\",\"potentialAction\":[{\"@type\":\"ReadAction\",\"target\":[\"https:\\\/\\\/www.allsportsbookreviews.com\\\/vn\"]}]},{\"@type\":\"WebSite\",\"@id\":\"https:\\\/\\\/www.allsportsbookreviews.com\\\/#website\",\"url\":\"https:\\\/\\\/www.allsportsbookreviews.com\\\/\",\"name\":\"All Sportsbook Reviews\",\"description\":\"\",\"potentialAction\":[{\"@type\":\"SearchAction\",\"target\":{\"@type\":\"EntryPoint\",\"urlTemplate\":\"https:\\\/\\\/www.allsportsbookreviews.com\\\/?s={search_term_string}\"},\"query-input\":{\"@type\":\"PropertyValueSpecification\",\"valueRequired\":true,\"valueName\":\"search_term_string\"}}],\"inLanguage\":\"vn\"},false]}<\/script>\n<!-- \/ Yoast SEO plugin. -->","yoast_head_json":{"title":"Nh\u00e0 c\u00e1i th\u1ec3 thao t\u1ed1t nh\u1ea5t Vi\u1ec7t Nam \u2013 T\u1ea5t c\u1ea3 t\u1ea1i \u0111\u00e2y","description":"C\u00e1 c\u01b0\u1ee3c th\u00f4ng minh b\u1eb1ng c\u00e1ch xem \u0111\u00e1nh gi\u00e1 c\u00e1 c\u01b0\u1ee3c th\u1ec3 thao \u0111\u00e1ng tin c\u1eady c\u1ee7a ASR. Ti\u1ec1n th\u01b0\u1edfng mi\u1ec5n ph\u00ed khuy\u1ebfn m\u00e3i thanh to\u00e1n v\u00e0 nhi\u1ec1u h\u01a1n n\u1eefa.","robots":{"index":"index","follow":"follow","max-snippet":"max-snippet:-1","max-image-preview":"max-image-preview:large","max-video-preview":"max-video-preview:-1"},"canonical":"https:\/\/www.allsportsbookreviews.com\/vn","og_locale":"en_US","og_type":"article","og_title":"Nh\u00e0 c\u00e1i th\u1ec3 thao t\u1ed1t nh\u1ea5t Vi\u1ec7t Nam \u2013 T\u1ea5t c\u1ea3 t\u1ea1i \u0111\u00e2y","og_description":"C\u00e1 c\u01b0\u1ee3c th\u00f4ng minh b\u1eb1ng c\u00e1ch xem \u0111\u00e1nh gi\u00e1 c\u00e1 c\u01b0\u1ee3c th\u1ec3 thao \u0111\u00e1ng tin c\u1eady c\u1ee7a ASR. Ti\u1ec1n th\u01b0\u1edfng mi\u1ec5n ph\u00ed khuy\u1ebfn m\u00e3i thanh to\u00e1n v\u00e0 nhi\u1ec1u h\u01a1n n\u1eefa.","og_url":"https:\/\/www.allsportsbookreviews.com\/vn","og_site_name":"All Sportsbook Reviews","article_modified_time":"2025-05-22T07:33:54+00:00","schema":{"@context":"https:\/\/schema.org","@graph":[{"@type":"WebPage","@id":"https:\/\/www.allsportsbookreviews.com\/vn","url":"https:\/\/www.allsportsbookreviews.com\/vn","name":"Nh\u00e0 c\u00e1i th\u1ec3 thao t\u1ed1t nh\u1ea5t Vi\u1ec7t Nam \u2013 T\u1ea5t c\u1ea3 t\u1ea1i \u0111\u00e2y","isPartOf":{"@id":"https:\/\/www.allsportsbookreviews.com\/#website"},"datePublished":"2015-03-24T04:51:03+00:00","dateModified":"2025-05-22T07:33:54+00:00","description":"C\u00e1 c\u01b0\u1ee3c th\u00f4ng minh b\u1eb1ng c\u00e1ch xem \u0111\u00e1nh gi\u00e1 c\u00e1 c\u01b0\u1ee3c th\u1ec3 thao \u0111\u00e1ng tin c\u1eady c\u1ee7a ASR. Ti\u1ec1n th\u01b0\u1edfng mi\u1ec5n ph\u00ed khuy\u1ebfn m\u00e3i thanh to\u00e1n v\u00e0 nhi\u1ec1u h\u01a1n n\u1eefa.","inLanguage":"vn","potentialAction":[{"@type":"ReadAction","target":["https:\/\/www.allsportsbookreviews.com\/vn"]}]},{"@type":"WebSite","@id":"https:\/\/www.allsportsbookreviews.com\/#website","url":"https:\/\/www.allsportsbookreviews.com\/","name":"All Sportsbook Reviews","description":"","potentialAction":[{"@type":"SearchAction","target":{"@type":"EntryPoint","urlTemplate":"https:\/\/www.allsportsbookreviews.com\/?s={search_term_string}"},"query-input":{"@type":"PropertyValueSpecification","valueRequired":true,"valueName":"search_term_string"}}],"inLanguage":"vn"},false]}},"yasr_visitor_votes":{"stars_attributes":{"read_only":false,"span_bottom":false},"number_of_votes":0,"sum_votes":0},"_links":{"self":[{"href":"https:\/\/www.allsportsbookreviews.com\/vn\/wp-json\/wp\/v2\/pages\/178","targetHints":{"allow":["GET"]}}],"collection":[{"href":"https:\/\/www.allsportsbookreviews.com\/vn\/wp-json\/wp\/v2\/pages"}],"about":[{"href":"https:\/\/www.allsportsbookreviews.com\/vn\/wp-json\/wp\/v2\/types\/page"}],"author":[{"embeddable":true,"href":"https:\/\/www.allsportsbookreviews.com\/vn\/wp-json\/wp\/v2\/users\/851"}],"replies":[{"embeddable":true,"href":"https:\/\/www.allsportsbookreviews.com\/vn\/wp-json\/wp\/v2\/comments?post=178"}],"version-history":[{"count":7,"href":"https:\/\/www.allsportsbookreviews.com\/vn\/wp-json\/wp\/v2\/pages\/178\/revisions"}],"predecessor-version":[{"id":1431,"href":"https:\/\/www.allsportsbookreviews.com\/vn\/wp-json\/wp\/v2\/pages\/178\/revisions\/1431"}],"wp:attachment":[{"href":"https:\/\/www.allsportsbookreviews.com\/vn\/wp-json\/wp\/v2\/media?parent=178"}],"curies":[{"name":"wp","href":"https:\/\/api.w.org\/{rel}","templated":true}]}}